{"id":12,"date":"2013-07-23T20:51:57","date_gmt":"2013-07-23T18:51:57","guid":{"rendered":"http:\/\/pkrs.org.pl\/?page_id=12"},"modified":"2016-05-03T12:44:52","modified_gmt":"2016-05-03T10:44:52","slug":"nasze-inicjatywy","status":"publish","type":"page","link":"https:\/\/pkrs.org.pl\/de\/projekty-inicjatywy\/nasze-inicjatywy\/","title":{"rendered":"Untergenommene Initiativen"},"content":{"rendered":"<p>Zu unseren Hauptzielen geh\u00f6ren:<\/p>\n<ul>\n<li><strong><a title=\"http:\/\/www.krolowa.rosemaria.pl\" href=\"http:\/\/pkrs.org.pl\/wp-content\/uploads\/2013\/07\/krolowa-rozanca-swietego.png\" target=\"_blank\"><img loading=\"lazy\" decoding=\"async\" class=\"size-full wp-image-63 alignright\" alt=\"Kr\u00f3lowa R\u00f3\u017ca\u0144ca \u015awi\u0119tego \u2013\u00a0czasopismo, r\u00f3\u017caniec\" src=\"http:\/\/pkrs.org.pl\/wp-content\/uploads\/2013\/07\/krolowa-rozanca-swietego.png\" width=\"142\" height=\"199\" \/><\/a>Die Rosenkranzk\u00f6nigin Quartalschrift (<strong>\u201eKr\u00f3lowa R\u00f3\u017ca\u0144ca \u015awi\u0119tego\u201d)<\/strong><br \/>\n<\/strong><\/li>\n<\/ul>\n<p>Die Rosenkranz-zeitschrift seit dem Jahre 2012. Am Anfang wurde von dem Rosemaria Verlag\u00a0ver\u00f6ffentlicht\u00a0\u00a0und durch die gegenw\u00e4rtigen Vorstandsmitglieder der Stiftung Gehilfen der Rosenkranzk\u00f6nigin geleitet, zur Zeit wird durch die Stiftung in Zusammenarbeit mit dem Verlag als technischer\u00a0Unterauftragnehmer\u00a0ver\u00f6ffentlicht.<\/p>\n<p>Wir gehen aus der Voraussetzung aus, dass weder die Redaktionmitgliedern noch die zusammenarbeitenden Autoren ein Gehalt f\u00fcr ihre Arbeit erhalten.\u00a0Die Zeitschrift unterh\u00e4lt sich nur durch das\u00a0Abonnement und die kleinen Zuwendungen unser Leser und Leserinnen. Internetseite: <a title=\"R\u00f3\u017caniec \u2013\u00a0Czasopismo r\u00f3\u017ca\u0144cowe\" href=\"http:\/\/www.krolowa.rosemaria.pl\" target=\"_blank\">www.krolowa.rosemaria.pl<\/a>.<\/p>\n<ul>\n<li><strong>Die Internetseite\u00a0<a title=\"Egzorcysta\" href=\"http:\/\/www.egzorcyzmy.katolik.pl\" target=\"_blank\">www.egzorcyzmy.katolik.pl <\/a><\/strong><\/li>\n<\/ul>\n<p><strong><a href=\"http:\/\/www.egzorcyzmy.katolik.pl\"><img loading=\"lazy\" decoding=\"async\" class=\"alignright\" alt=\"Egzorcysta i egzorcyzmy\" src=\"http:\/\/pkrs.org.pl\/wp-content\/uploads\/2013\/07\/baner5.gif\" width=\"266\" height=\"72\" \/><\/a><\/strong>\u2026und ihre deutsche, englische, russische und teilweise franz\u00f6sische Version\u00a0<a title=\"Exorcism\" href=\"http:\/\/www.exorcismus.org\" target=\"_blank\">www.exorcismus.org<\/a>.<\/p>\n<p>Die seit dem Jahre 2002 bestehende Internetseite\u00a0<a title=\"Egzorcysta\" href=\"http:\/\/www.egzorcyzmy.katolik.pl\" target=\"_blank\">www.egzorcyzmy.katolik.pl<\/a>\u00a0ist haupts\u00e4chlich\u00a0auf die Personen gerichtet, die eine Hilfe nach der\u00a0Verstrickung in verschiedenen Formen von\u00a0Okkultismus.\u00a0Spiritismus und von anderen Bedrohungen suchen.<\/p>\n<p>Seit dieser Zeit\u00a0Millionen G\u00e4ste haben unsere Seite besucht, und \u00fcber ein gutes Dutzend Tausend Menschen haben sich durch diese Seite angemeldet, um Rat oder Hilfe zu bekommen. Die Internetseite wird als eine\u00a0nicht auf Profit ausgerichtete T\u00e4tigkeit geleitet. Die Finanzierung ihrer Initiativen (die\u00a0\u00dcbersetzungen, die\u00a0Flugbl\u00e4tter)\u00a0verl\u00e4uft in die kleinen Geldsammlungen zwischen ihren Leser und Leserinnen.<\/p>","protected":false},"excerpt":{"rendered":"<p>Zu unseren Hauptzielen geh\u00f6ren: Die Rosenkranzk\u00f6nigin Quartalschrift (\u201eKr\u00f3lowa R\u00f3\u017ca\u0144ca \u015awi\u0119tego\u201d) Die Rosenkranz-zeitschrift seit dem Jahre 2012. Am Anfang wurde von dem Rosemaria Verlag\u00a0ver\u00f6ffentlicht\u00a0\u00a0und durch die gegenw\u00e4rtigen Vorstandsmitglieder der Stiftung Gehilfen der Rosenkranzk\u00f6nigin geleitet, zur Zeit wird durch die Stiftung in Zusammenarbeit mit dem Verlag als technischer\u00a0Unterauftragnehmer\u00a0ver\u00f6ffentlicht. Wir gehen aus der Voraussetzung aus, dass weder die &#8230; <a title=\"Untergenommene Initiativen\" class=\"read-more\" href=\"https:\/\/pkrs.org.pl\/de\/projekty-inicjatywy\/nasze-inicjatywy\/\" aria-label=\"Mehr Informationen \u00fcber Untergenommene Initiativen\">Przeczytaj ca\u0142o\u015b\u0107<\/a><\/p>\n","protected":false},"author":101011,"featured_media":0,"parent":130,"menu_order":1,"comment_status":"open","ping_status":"closed","template":"","meta":{"generate_page_header":"","footnotes":""},"class_list":{"0":"post-12","1":"page","2":"type-page","3":"status-publish","5":"infinite-scroll-item"},"_links":{"self":[{"href":"https:\/\/pkrs.org.pl\/de\/wp-json\/wp\/v2\/pages\/12","targetHints":{"allow":["GET"]}}],"collection":[{"href":"https:\/\/pkrs.org.pl\/de\/wp-json\/wp\/v2\/pages"}],"about":[{"href":"https:\/\/pkrs.org.pl\/de\/wp-json\/wp\/v2\/types\/page"}],"author":[{"embeddable":true,"href":"https:\/\/pkrs.org.pl\/de\/wp-json\/wp\/v2\/users\/101011"}],"replies":[{"embeddable":true,"href":"https:\/\/pkrs.org.pl\/de\/wp-json\/wp\/v2\/comments?post=12"}],"version-history":[{"count":0,"href":"https:\/\/pkrs.org.pl\/de\/wp-json\/wp\/v2\/pages\/12\/revisions"}],"up":[{"embeddable":true,"href":"https:\/\/pkrs.org.pl\/de\/wp-json\/wp\/v2\/pages\/130"}],"wp:attachment":[{"href":"https:\/\/pkrs.org.pl\/de\/wp-json\/wp\/v2\/media?parent=12"}],"curies":[{"name":"wp","href":"https:\/\/api.w.org\/{rel}","templated":true}]}}