{"id":141,"date":"2013-07-24T20:47:27","date_gmt":"2013-07-24T18:47:27","guid":{"rendered":"http:\/\/pkrs.org.pl\/?page_id=141"},"modified":"2013-07-26T12:59:39","modified_gmt":"2013-07-26T10:59:39","slug":"strony-spolecznosciowe","status":"publish","type":"page","link":"https:\/\/pkrs.org.pl\/de\/kontakt\/strony-spolecznosciowe\/","title":{"rendered":"Soziale Netzwerke"},"content":{"rendered":"<p>Finden Sie uns auf:<\/p>\n<ul>\n<li><a title=\"Fundacja Kr\u00f3lowej R\u00f3\u017ca\u0144ca na FAcebooku\" href=\"https:\/\/www.facebook.com\/pages\/Pomocnicy-Kr\u00f3lowej-R\u00f3\u017ca\u0144ca-\u015awi\u0119tego\/348027608656465?fref=ts\" target=\"_blank\"><span style=\"line-height: 13px;\">Facebook<\/span><\/a><\/li>\n<li><a title=\"Fundacja Kr\u00f3lowej R\u00f3\u017ca\u0144ca na Google+\" href=\"http:\/\/gplus.to\/pomocnicy\" target=\"_blank\">Google+<\/a><\/li>\n<li><a title=\"Pomocnicy Kr\u00f3lowej R\u00f3\u017ca\u0144ca na Twitterze\" href=\"https:\/\/twitter.com\/Pomocnicy\" target=\"_blank\">Twitter<\/a><\/li>\n<\/ul>\n<p><\/p>","protected":false},"excerpt":{"rendered":"<p>Finden Sie uns auf: Facebook Google+ Twitter<\/p>\n","protected":false},"author":101011,"featured_media":0,"parent":30,"menu_order":0,"comment_status":"open","ping_status":"open","template":"","meta":{"generate_page_header":"","footnotes":""},"class_list":{"0":"post-141","1":"page","2":"type-page","3":"status-publish","5":"infinite-scroll-item"},"_links":{"self":[{"href":"https:\/\/pkrs.org.pl\/de\/wp-json\/wp\/v2\/pages\/141","targetHints":{"allow":["GET"]}}],"collection":[{"href":"https:\/\/pkrs.org.pl\/de\/wp-json\/wp\/v2\/pages"}],"about":[{"href":"https:\/\/pkrs.org.pl\/de\/wp-json\/wp\/v2\/types\/page"}],"author":[{"embeddable":true,"href":"https:\/\/pkrs.org.pl\/de\/wp-json\/wp\/v2\/users\/101011"}],"replies":[{"embeddable":true,"href":"https:\/\/pkrs.org.pl\/de\/wp-json\/wp\/v2\/comments?post=141"}],"version-history":[{"count":0,"href":"https:\/\/pkrs.org.pl\/de\/wp-json\/wp\/v2\/pages\/141\/revisions"}],"up":[{"embeddable":true,"href":"https:\/\/pkrs.org.pl\/de\/wp-json\/wp\/v2\/pages\/30"}],"wp:attachment":[{"href":"https:\/\/pkrs.org.pl\/de\/wp-json\/wp\/v2\/media?parent=141"}],"curies":[{"name":"wp","href":"https:\/\/api.w.org\/{rel}","templated":true}]}}