{"id":15,"date":"2013-07-23T20:53:39","date_gmt":"2013-07-23T18:53:39","guid":{"rendered":"http:\/\/pkrs.org.pl\/?page_id=15"},"modified":"2013-08-07T20:09:29","modified_gmt":"2013-08-07T18:09:29","slug":"planowane-projekty","status":"publish","type":"page","link":"https:\/\/pkrs.org.pl\/de\/projekty-inicjatywy\/planowane-projekty\/","title":{"rendered":"Geplannte Initiativen"},"content":{"rendered":"<p>Unsere Stiftung plant in der n\u00e4chsten Zeit weitere wichtige Gesellschaft und Religion betreffende Initiativen unternehmen.<\/p>\n<ul>\n<li><strong>N<strong>eue Zeitschrift<\/strong><br \/>\n<\/strong><\/li>\n<\/ul>\n<p><img loading=\"lazy\" decoding=\"async\" class=\"alignleft\" alt=\"projekty\" src=\"http:\/\/pkrs.org.pl\/wp-content\/uploads\/2013\/07\/projekty-300x194.jpg\" width=\"240\" height=\"155\" \/>Wir planen in der n\u00e4chsten Zukunft eine neue Zeitschrift herauszugeben, die f\u00fcr mit Alkoholsucht,\u00a0Drogensucht, Erotomanie und Internetsucht gef\u00e4hrdete Personen und ihre Familien geeignet wird. Eine Sondergruppe von Rezipienten werden auch Gefangene polnischen Strafanstalten.<\/p>\n<p>Unsere Zeitschrift sollte professionelle Informationen zum Thema anbieten \u00a0und den s\u00fcchtigen Personen den Weg zeigen, wie man\u00a0die Abh\u00e4ngigkeit \u00fcberwinden oder mit Fachorganisationen Kontakt aufnehmen kann.<\/p>\n<p>Gesch\u00e4tzte Ausgabekosten der ersten Auflage unserer Zeitschrift betragen etwa 8000 bis 10 000 PLN.<\/p>\n<ul>\n<li><strong><strong>Die \u00dcbersetzung der Hilfsmaterialien<\/strong><br \/>\n<\/strong><\/li>\n<\/ul>\n<p><img loading=\"lazy\" decoding=\"async\" class=\"alignright\" style=\"border: 0px;\" alt=\"globus\" src=\"http:\/\/pkrs.org.pl\/wp-content\/uploads\/2013\/07\/globus.png\" width=\"111\" height=\"137\" \/>Wir haben auch vor,\u00a0die Hilfsmaterialien von der Seite\u00a0<a href=\"http:\/\/www.egzorcyzmy.katolik.pl\/\" target=\"_blank\">www.egzorcyzmy.katolik.<wbr \/>pl<\/a>\u00a0in weitere Fremdsprachen\u00a0zu \u00fcbersetzen. In der\u00a0n\u00e4chsten\u00a0Zeit sollten wir die Franz\u00f6sisch\u00fcbersetzung\u00a0beenden und Spanisch\u00fcbersetzung\u00a0anfangen, die dritte popul\u00e4rste Sprache der Welt.<\/p>\n<p>Die \u00dcbersetzung von den wichtigsten und prim\u00e4rsten Artikeln kostet etwa 2500 PLN und das ist der niedrigste Honorar eines polnischen \u00dcbersetzers.<\/p>\n<ul>\n<li><strong><strong>Bilder, Flugbl\u00e4tter, Poster<\/strong><\/strong><\/li>\n<\/ul>\n<p>Unsere Stiftung verteilt auch gedruckte Materialien f\u00fcr Kinder und Erwachsene, die von Geistesgefahren aus der Seite des Spiritismus und Okkultismus in verschiedenen Formen \u00a0handeln.<\/p>\n<p>Die Drukkosten sind von der Auflage abhangig und betragen normalewiese von 200 bis 1000 PLN.<\/p>\n<p>&nbsp;<\/p>\n<p>&nbsp;<\/p>","protected":false},"excerpt":{"rendered":"<p>Unsere Stiftung plant in der n\u00e4chsten Zeit weitere wichtige Gesellschaft und Religion betreffende Initiativen unternehmen. Neue Zeitschrift Wir planen in der n\u00e4chsten Zukunft eine neue Zeitschrift herauszugeben, die f\u00fcr mit Alkoholsucht,\u00a0Drogensucht, Erotomanie und Internetsucht gef\u00e4hrdete Personen und ihre Familien geeignet wird. Eine Sondergruppe von Rezipienten werden auch Gefangene polnischen Strafanstalten. Unsere Zeitschrift sollte professionelle Informationen &#8230; <a title=\"Geplannte Initiativen\" class=\"read-more\" href=\"https:\/\/pkrs.org.pl\/de\/projekty-inicjatywy\/planowane-projekty\/\" aria-label=\"Mehr Informationen \u00fcber Geplannte Initiativen\">Przeczytaj ca\u0142o\u015b\u0107<\/a><\/p>\n","protected":false},"author":101011,"featured_media":0,"parent":130,"menu_order":2,"comment_status":"open","ping_status":"closed","template":"","meta":{"generate_page_header":"","footnotes":""},"class_list":{"0":"post-15","1":"page","2":"type-page","3":"status-publish","5":"infinite-scroll-item"},"_links":{"self":[{"href":"https:\/\/pkrs.org.pl\/de\/wp-json\/wp\/v2\/pages\/15","targetHints":{"allow":["GET"]}}],"collection":[{"href":"https:\/\/pkrs.org.pl\/de\/wp-json\/wp\/v2\/pages"}],"about":[{"href":"https:\/\/pkrs.org.pl\/de\/wp-json\/wp\/v2\/types\/page"}],"author":[{"embeddable":true,"href":"https:\/\/pkrs.org.pl\/de\/wp-json\/wp\/v2\/users\/101011"}],"replies":[{"embeddable":true,"href":"https:\/\/pkrs.org.pl\/de\/wp-json\/wp\/v2\/comments?post=15"}],"version-history":[{"count":0,"href":"https:\/\/pkrs.org.pl\/de\/wp-json\/wp\/v2\/pages\/15\/revisions"}],"up":[{"embeddable":true,"href":"https:\/\/pkrs.org.pl\/de\/wp-json\/wp\/v2\/pages\/130"}],"wp:attachment":[{"href":"https:\/\/pkrs.org.pl\/de\/wp-json\/wp\/v2\/media?parent=15"}],"curies":[{"name":"wp","href":"https:\/\/api.w.org\/{rel}","templated":true}]}}