{"id":39,"date":"2013-07-24T12:39:10","date_gmt":"2013-07-24T10:39:10","guid":{"rendered":"http:\/\/pkrs.org.pl\/?page_id=39"},"modified":"2013-08-21T10:02:39","modified_gmt":"2013-08-21T08:02:39","slug":"nasi-patroni","status":"publish","type":"page","link":"https:\/\/pkrs.org.pl\/de\/o-fundacji\/nasi-patroni\/","title":{"rendered":"Unsere Patrone"},"content":{"rendered":"<p><a href=\"http:\/\/pkrs.org.pl\/wp-content\/uploads\/2013\/07\/sw-michal-archaniol.jpg\"><img loading=\"lazy\" decoding=\"async\" class=\"alignleft\" alt=\"\u015bw. Micha\u0142 Archanio\u0142\" src=\"http:\/\/pkrs.org.pl\/wp-content\/uploads\/2013\/07\/sw-michal-archaniol.jpg\" width=\"75\" height=\"75\" \/><\/a>Unsere Stiftung hat besondere Patrone. Der erste ist <strong>Heiliger Erzengel<\/strong> Michael, der uns seit Anfang unserer Arbeit auf der Seite\u00a0<a title=\"Egzorcyzmy a zagro\u017cenia duchowe\" href=\"http:\/\/www.egzorcyzmy.katolik.pl\/\" target=\"_blank\">www.egzorcyzmy.katolik.<wbr \/>pl<\/a>\u00a0begleitet.<\/p>\n<p>Seit Anfang unserer Arbeit\u00a0bem\u00fchen wir uns auch, den Kult von Erzengel Michael\u00a0zu verbreiten, vor allem durch Publikationen von Gebeten und anderen Initiativen.<\/p>\n<p><a href=\"http:\/\/pkrs.org.pl\/wp-content\/uploads\/2013\/07\/bl-bartolo-longo1.jpg\"><img loading=\"lazy\" decoding=\"async\" class=\"alignright\" alt=\"B\u0142. Bartolo Longo\" src=\"http:\/\/pkrs.org.pl\/wp-content\/uploads\/2013\/07\/bl-bartolo-longo1.jpg\" width=\"75\" height=\"75\" \/><\/a>Unser zweiter Patron ist selig <strong>Bartolo Longo<\/strong> &#8211; ein Rechtsanwalt, der sich die Verbreitung von Rosenkranz zum Ziel setzte. Er setzte sich f\u00fcr viele soziale und gesellschaftsp\u00e4dagogische Projekte ein, gr\u00fcndete Schulen, Waisenh\u00e4user und viel mehr. Johannes Paul II. nennte ihn &#8222;ein Beispiel f\u00fcr Laienkatholiken&#8220;. Bartolo Longo ist der Bezugspunkt unserer ganzen Aktivit\u00e4t.<\/p>\n<p>Mehr \u00fcber diese Person ist auf unserer Seite\u00a0<a title=\"Bartolo Longo\" href=\"http:\/\/www.bartolo-longo.pl\/\" target=\"_blank\">www.bartolo-longo.pl<\/a>\u00a0zu finden.<\/p>\n<p><a href=\"http:\/\/pkrs.org.pl\/wp-content\/uploads\/2013\/07\/mateusz-talbot.jpg\"><img loading=\"lazy\" decoding=\"async\" class=\"alignleft\" alt=\"Matt Talbott\" src=\"http:\/\/pkrs.org.pl\/wp-content\/uploads\/2013\/07\/mateusz-talbot.jpg\" width=\"75\" height=\"75\" \/><\/a><\/p>\n<p>Der Ehrw\u00fcrdige Matt Talbot war ein irischer Asket, von vielen Katholiken f\u00fcr seine Fr\u00f6mmigkeit, N\u00e4chstenliebe und Abt\u00f6tung des Fleisches verehrt. Talbot war ein ungelernter Arbeiter. Mit \u00fcberm\u00e4\u00dfigen Trunkenheit f\u00fcr 16 Jahre, erhielt Talbot N\u00fcchternheit f\u00fcr die folgenden 40 Jahre seines Lebens. Er fand Kraft im Gebet, begann t\u00e4glich die Messe zu besuchen, und religi\u00f6se B\u00fccher und Brosch\u00fcren zu lesen. Obwohl er noch nicht nicht offiziell als Heiliger anerkannt wurde, kann Talbot als Schutzpatron von M\u00e4nnern und Frauen werden, die mit Alkoholsucht k\u00e4mpfen.\u00a0<a title=\"Matt Talbot\" href=\"http:\/\/www.matttalbot.ie\/\" target=\"_blank\">www.matttalbot.ie<\/a><\/p>","protected":false},"excerpt":{"rendered":"<p>Unsere Stiftung hat besondere Patrone. Der erste ist Heiliger Erzengel Michael, der uns seit Anfang unserer Arbeit auf der Seite\u00a0www.egzorcyzmy.katolik.pl\u00a0begleitet. Seit Anfang unserer Arbeit\u00a0bem\u00fchen wir uns auch, den Kult von Erzengel Michael\u00a0zu verbreiten, vor allem durch Publikationen von Gebeten und anderen Initiativen. Unser zweiter Patron ist selig Bartolo Longo &#8211; ein Rechtsanwalt, der sich die &#8230; <a title=\"Unsere Patrone\" class=\"read-more\" href=\"https:\/\/pkrs.org.pl\/de\/o-fundacji\/nasi-patroni\/\" aria-label=\"Mehr Informationen \u00fcber Unsere Patrone\">Przeczytaj ca\u0142o\u015b\u0107<\/a><\/p>\n","protected":false},"author":101011,"featured_media":0,"parent":41,"menu_order":4,"comment_status":"open","ping_status":"closed","template":"","meta":{"generate_page_header":"","footnotes":""},"class_list":{"0":"post-39","1":"page","2":"type-page","3":"status-publish","5":"infinite-scroll-item"},"_links":{"self":[{"href":"https:\/\/pkrs.org.pl\/de\/wp-json\/wp\/v2\/pages\/39","targetHints":{"allow":["GET"]}}],"collection":[{"href":"https:\/\/pkrs.org.pl\/de\/wp-json\/wp\/v2\/pages"}],"about":[{"href":"https:\/\/pkrs.org.pl\/de\/wp-json\/wp\/v2\/types\/page"}],"author":[{"embeddable":true,"href":"https:\/\/pkrs.org.pl\/de\/wp-json\/wp\/v2\/users\/101011"}],"replies":[{"embeddable":true,"href":"https:\/\/pkrs.org.pl\/de\/wp-json\/wp\/v2\/comments?post=39"}],"version-history":[{"count":0,"href":"https:\/\/pkrs.org.pl\/de\/wp-json\/wp\/v2\/pages\/39\/revisions"}],"up":[{"embeddable":true,"href":"https:\/\/pkrs.org.pl\/de\/wp-json\/wp\/v2\/pages\/41"}],"wp:attachment":[{"href":"https:\/\/pkrs.org.pl\/de\/wp-json\/wp\/v2\/media?parent=39"}],"curies":[{"name":"wp","href":"https:\/\/api.w.org\/{rel}","templated":true}]}}