{"id":41,"date":"2013-07-24T13:07:08","date_gmt":"2013-07-24T11:07:08","guid":{"rendered":"http:\/\/pkrs.org.pl\/?page_id=41"},"modified":"2018-08-20T11:29:07","modified_gmt":"2018-08-20T09:29:07","slug":"o-fundacji","status":"publish","type":"page","link":"https:\/\/pkrs.org.pl\/de\/","title":{"rendered":"\u00dcber die Stiftung"},"content":{"rendered":"<p><\/p>\n<p><p>Herzlich wilkommen auf den Internetseiten der Stiftung Gehilfen der Rosenkranzk\u00f6nigin!<\/p>\n<p>Unsere Stiftung setzt sich zum Ziel,\u00a0das Gebet des Rosenkranzes durch die Zeitschrift\u00a0\u201eKr\u00f3lowa R\u00f3\u017ca\u0144ca \u015awi\u0119tego\u201d (Die Rosenkranzk\u00f6nigin) zu propagieren. Dies realisieren wir seit dem Jahre 2012, indem wir\u00a0die n\u00e4chsten\u00a0Ausgaben der Quartalschrift\u00a0ver\u00f6ffentlichen.<\/p>\n<p><a href=\"http:\/\/pkrs.org.pl\/wp-content\/uploads\/2013\/07\/pkrs-herb-logo-deutsch.png\"><img loading=\"lazy\" decoding=\"async\" class=\"aligncenter\" style=\"border: 0px;\" alt=\"pkrs-herb-logo-deutsch\" src=\"http:\/\/pkrs.org.pl\/wp-content\/uploads\/2013\/07\/pkrs-herb-logo-deutsch.png\" width=\"283\" height=\"123\" \/><\/a><\/p>\n<p>Einer der geehrten Pater aus dem Orden Dominikaner und der erste in Polen Verbreiter von der\u00a0Rosenkranz-Novene, hat uns gesagt, dass um die Zeitschrift \u201eKr\u00f3lowa R\u00f3\u017ca\u0144ca \u015awi\u0119tego\u201d existieren zu konnte, die gro\u00dfen\u00a0Werke der Barmherzigkeit Gottes im Geiste der Werken Bartolo Longos\u00a0in ihre Fu\u00dfstapfen treten\u00a0m\u00fcssen.<\/p>\n<p>Obwohl unsere Zeitschrift sich\u00a0sehr abm\u00fchen muss und nicht ohne Probleme gelangen wir\u00a0zu neuen Leser, haben wir es geschafft, die ersten haupts\u00e4chlich\u00a0auf die\u00a0H\u00e4ftlinge\u00a0gerichteten\u00a0Schritte zu machen. So eine\u00a0T\u00e4tigkeit bringt aber Kosten hervor. Um\u00a0den N\u00e4chsten Hilfe zu leisten und \u00a0sich\u00a0gleichzeitig\u00a0\u00fcber Wasser zu halten, haben wir die Stiftung\u00a0Gehilfen der Rosenkranzk\u00f6nigin und\u00a0eine Reihe weiterer Initiativen\u00a0ins Leben gerufen.<\/p>\n<p>Wir spornen herzlich alle Menschen an, die sich unser Gruppe anschlie\u00dfen\u00a0und die uns mit ihren Ideen, Rat oder einem symbolischen Pfennig\u00a0unterst\u00fctzen\u00a0wollen, um Kontakt mit der Stiftung aufzunehmen!<\/p>\n<p style=\"text-align: right;\">Mit freundlichen Gr\u00fc\u00dfen und\u00a0Gr\u00fc\u00df Gott,<br \/>\nMarek Wo\u015b<br \/>\nVorstandsvorsitzender der Stiftung Gehilfen der Rosenkranzk\u00f6nigin<\/p>\n<p style=\"text-align: center;\"><img loading=\"lazy\" decoding=\"async\" class=\"aligncenter\" style=\"border: 0px;\" alt=\"Fundacja\" src=\"http:\/\/pkrs.org.pl\/wp-content\/uploads\/2013\/07\/rece.png\" width=\"399\" height=\"196\" \/><\/p>\n<\/p>\n<p><\/p>","protected":false},"excerpt":{"rendered":"<p>Herzlich wilkommen auf den Internetseiten der Stiftung Gehilfen der Rosenkranzk\u00f6nigin! Unsere Stiftung setzt sich zum Ziel,\u00a0das Gebet des Rosenkranzes durch die Zeitschrift\u00a0\u201eKr\u00f3lowa R\u00f3\u017ca\u0144ca \u015awi\u0119tego\u201d (Die Rosenkranzk\u00f6nigin) zu propagieren. Dies realisieren wir seit dem Jahre 2012, indem wir\u00a0die n\u00e4chsten\u00a0Ausgaben der Quartalschrift\u00a0ver\u00f6ffentlichen. Einer der geehrten Pater aus dem Orden Dominikaner und der erste in Polen Verbreiter von &#8230; <a title=\"\u00dcber die Stiftung\" class=\"read-more\" href=\"https:\/\/pkrs.org.pl\/de\/\" aria-label=\"Mehr Informationen \u00fcber \u00dcber die Stiftung\">Przeczytaj ca\u0142o\u015b\u0107<\/a><\/p>\n","protected":false},"author":101011,"featured_media":0,"parent":0,"menu_order":0,"comment_status":"closed","ping_status":"closed","template":"","meta":{"generate_page_header":"","footnotes":""},"class_list":{"0":"post-41","1":"page","2":"type-page","3":"status-publish","5":"infinite-scroll-item"},"_links":{"self":[{"href":"https:\/\/pkrs.org.pl\/de\/wp-json\/wp\/v2\/pages\/41","targetHints":{"allow":["GET"]}}],"collection":[{"href":"https:\/\/pkrs.org.pl\/de\/wp-json\/wp\/v2\/pages"}],"about":[{"href":"https:\/\/pkrs.org.pl\/de\/wp-json\/wp\/v2\/types\/page"}],"author":[{"embeddable":true,"href":"https:\/\/pkrs.org.pl\/de\/wp-json\/wp\/v2\/users\/101011"}],"replies":[{"embeddable":true,"href":"https:\/\/pkrs.org.pl\/de\/wp-json\/wp\/v2\/comments?post=41"}],"version-history":[{"count":0,"href":"https:\/\/pkrs.org.pl\/de\/wp-json\/wp\/v2\/pages\/41\/revisions"}],"wp:attachment":[{"href":"https:\/\/pkrs.org.pl\/de\/wp-json\/wp\/v2\/media?parent=41"}],"curies":[{"name":"wp","href":"https:\/\/api.w.org\/{rel}","templated":true}]}}