{"id":15,"date":"2013-07-23T20:53:39","date_gmt":"2013-07-23T18:53:39","guid":{"rendered":"http:\/\/pkrs.org.pl\/?page_id=15"},"modified":"2013-08-07T20:09:29","modified_gmt":"2013-08-07T18:09:29","slug":"planowane-projekty","status":"publish","type":"page","link":"https:\/\/pkrs.org.pl\/en\/projekty-inicjatywy\/planowane-projekty\/","title":{"rendered":"Planned initiatives"},"content":{"rendered":"<p>In the near future the Foundation\u00a0is planning to take further important initiatives in various fields of social and religious activities.<\/p>\n<ul>\n<li><strong>A new journal<\/strong><\/li>\n<\/ul>\n<p><img loading=\"lazy\" decoding=\"async\" class=\"alignleft\" alt=\"projekty\" src=\"http:\/\/pkrs.org.pl\/wp-content\/uploads\/2013\/07\/projekty-300x194.jpg\" width=\"240\" height=\"155\" \/>In the near future we plan to begin publishing a new journal designed for people at risk of various addictions and dependences (including alcoholism, drug addiction, erotomania, addiction to the internet and games) and their families. The magazine would be specifically targeted at persons incarcerated in prisons.<\/p>\n<p>The journal aims to present the opinions of experts and facilitate finding a way out of addiction, as well as contact with specialized therapeutic centers.<\/p>\n<p>The estimated cost of the first issue and free distribution \u00a0of the journal\u00a0is approximately 8000-10000 PLN, depending on the edition.<\/p>\n<ul>\n<li><strong>Translation of the spiritual aid materials<\/strong><\/li>\n<\/ul>\n<p><img loading=\"lazy\" decoding=\"async\" class=\"alignright\" style=\"border: 0px;\" alt=\"globus\" src=\"http:\/\/pkrs.org.pl\/wp-content\/uploads\/2013\/07\/globus.png\" width=\"111\" height=\"137\" \/>We intend to continue the translation of the support materials at\u00a0www.egzorcyzmy.katolik.pl to\u00a0the next foreign languages. In the near future it is necessary to complete the French translation and start another one, the Spanish translation &#8211; the third most widely used language on the planet.<\/p>\n<p>The cost of professional translation of the most basic and necessary articles for a one language is about 2500 PLN, counting with the lowest rate of Polish translators.<\/p>\n<ul>\n<li><strong>Pictures, leaflets, posters<\/strong><\/li>\n<\/ul>\n<p>The Foundation currently distributes printed materials for children and adults who deal with the spiritual dangers on the side of spiritualism and the occult in various forms.<\/p>\n<p>Printing costs depend on the quantity and range from 200 to 1000 PLN.<\/p>\n<p>&nbsp;<\/p>\n<p>&nbsp;<\/p>","protected":false},"excerpt":{"rendered":"<p>In the near future the Foundation\u00a0is planning to take further important initiatives in various fields of social and religious activities. A new journal In the near future we plan to begin publishing a new journal designed for people at risk of various addictions and dependences (including alcoholism, drug addiction, erotomania, addiction to the internet and &#8230; <a title=\"Planned initiatives\" class=\"read-more\" href=\"https:\/\/pkrs.org.pl\/en\/projekty-inicjatywy\/planowane-projekty\/\" aria-label=\"Read more about Planned initiatives\">Przeczytaj ca\u0142o\u015b\u0107<\/a><\/p>\n","protected":false},"author":101011,"featured_media":0,"parent":130,"menu_order":2,"comment_status":"open","ping_status":"closed","template":"","meta":{"generate_page_header":"","footnotes":""},"class_list":{"0":"post-15","1":"page","2":"type-page","3":"status-publish","5":"infinite-scroll-item"},"_links":{"self":[{"href":"https:\/\/pkrs.org.pl\/en\/wp-json\/wp\/v2\/pages\/15","targetHints":{"allow":["GET"]}}],"collection":[{"href":"https:\/\/pkrs.org.pl\/en\/wp-json\/wp\/v2\/pages"}],"about":[{"href":"https:\/\/pkrs.org.pl\/en\/wp-json\/wp\/v2\/types\/page"}],"author":[{"embeddable":true,"href":"https:\/\/pkrs.org.pl\/en\/wp-json\/wp\/v2\/users\/101011"}],"replies":[{"embeddable":true,"href":"https:\/\/pkrs.org.pl\/en\/wp-json\/wp\/v2\/comments?post=15"}],"version-history":[{"count":0,"href":"https:\/\/pkrs.org.pl\/en\/wp-json\/wp\/v2\/pages\/15\/revisions"}],"up":[{"embeddable":true,"href":"https:\/\/pkrs.org.pl\/en\/wp-json\/wp\/v2\/pages\/130"}],"wp:attachment":[{"href":"https:\/\/pkrs.org.pl\/en\/wp-json\/wp\/v2\/media?parent=15"}],"curies":[{"name":"wp","href":"https:\/\/api.w.org\/{rel}","templated":true}]}}