{"id":218,"date":"2013-07-28T14:18:04","date_gmt":"2013-07-28T12:18:04","guid":{"rendered":"http:\/\/pkrs.org.pl\/?page_id=218"},"modified":"2020-01-27T12:18:36","modified_gmt":"2020-01-27T11:18:36","slug":"wesprzyj-nas","status":"publish","type":"page","link":"https:\/\/pkrs.org.pl\/en\/wesprzyj-nas\/","title":{"rendered":"Donate us!"},"content":{"rendered":"<p>Drogi Czytelniku!<\/p>\n<p>Zwracamy si\u0119 do Ciebie z serdeczn\u0105 pro\u015bb\u0105 o modlitw\u0119 i materialne wsparcie naszej Fundacji.\u2028 Pragniemy ewangelizowa\u0107 tak\u017ce inne kraje w temacie zagro\u017ce\u0144 duchowych. Wkr\u00f3tce rozpoczniemy prace nad kolejnymi t\u0142umaczeniami i inicjatywami spo\u0142eczno-katolickimi. <a title=\"Planowane projekty\" href=\"http:\/\/pkrs.org.pl\/projekty-inicjatywy\/planowane-projekty\/\">Zobacz wi\u0119cej\u2026<\/a><\/p>\n<p>Prosimy o wsparcie cho\u0107by wdowim groszem naszych dzia\u0142a\u0144. Jest to mo\u017cliwe poprzez:<\/p>\n<p>1. Przez formularz wp\u0142aty<\/p>\n    <div id='payment-container'>\r\n        <div class=\"pay-logo\">\r\n            <img src='https:\/\/pkrs.org.pl\/wp-content\/uploads\/2019\/12\/Logo-FPKRS-09.png' alt=\"Fundacja Kr\u00f3lowej R\u00f3\u017ca\u0144ca \u015awi\u0119tego\" style=\"\">\r\n        <\/div>\r\n        \r\n        <div class=\"pay-head-info\">\r\n            \r\n            <p>\r\n                Odbiorca darowizny: <br>\r\n                Fundacja Kr\u00f3lowej R\u00f3\u017ca\u0144ca \u015awi\u0119tego\r\n            <\/p>\r\n            \r\n            <span>Wska\u017c kwot\u0119 i cel wsparcia<\/span>\r\n            \r\n        <\/div>\r\n        \r\n        <div class=\"pay-buttons\">\r\n            \r\n            <button data-val=\"5\" class=\"active\"><span class=\"amount\">5,00<\/span><br\/><span class=\"currency\">z\u0142<\/span><\/button>\r\n            <button data-val=\"10\"><span class=\"amount\">10,00<\/span><br\/><span class=\"currency\">z\u0142<\/span><\/button>\r\n            <button data-val=\"20\"><span class=\"amount\">20,00<\/span><br\/><span class=\"currency\">z\u0142<\/span><\/button>\r\n            \r\n            <input id=\"payment-other-value\" type=\"text\" placeholder=\"Inna kwota\"  pattern=\"^([1-9])((\\.\\d{1,2})?)$|^((?!0)(\\d){1,5})((\\.\\d{1,2})?)$|^(1(\\d{5})(.\\d{1,2})?)$|^(200000(.[0]{1,2})?)$\">\r\n            \r\n        <\/div>\r\n        \r\n        <div class=\"pay-select\"> \r\n            <select id=\"payment-description\" >\r\n<option selected>Cele administracyjne dzia\u0142ania Fundacji<\/option>\r\n\r\n\r\n <option >Promowane nowenny i r\u00f3\u017ca\u0144ca w internecie<\/option>\r\n <option >Rozw\u00f3j czasopisma Kr\u00f3lowa R\u00f3\u017ca\u0144ca \u015awi\u0119tego<\/option>\r\n <option >Rozdawanie obrazk\u00f3w z nowenn\u0105 pompeja\u0144sk\u0105<\/option>\r\n <option >Pomoc dla rodzin wi\u0119\u017ani\u00f3w<\/option>\r\n            <\/select>\r\n        <\/div>\r\n        <div>\r\n            <form id=\"payment-form\" action=\"https:\/\/ssl.dotpay.pl\/t2\/\" method=\"POST\"  target=\"_parent\">\r\n                \r\n                <input type=\"hidden\" name=\"id\" value=\"433995\" \/>\r\n                <input type=\"hidden\" name=\"type\" value=\"0\" \/>\r\n                <input type=\"hidden\" name=\"currency\" value=\"PLN\" \/>\r\n                <input type=\"hidden\" name=\"amount\" \/>\r\n                <input type=\"hidden\" name=\"description\" value=\"\" \/>\r\n                <input type=\"hidden\" name=\"url\" value=\"https:\/\/pkrs.org.pl\/pl\/projekty-inicjatywy\/dziekujemy-za-wplate\/\" \/>\r\n                <input type=\"hidden\" name=\"buttontext\" value=\"Powr\u00f3t\" \/>\r\n    \r\n                <button class=\"pay-submit\" type=\"button\" id=\"send-form\">Przeka\u017c darowizn\u0119<\/button>\r\n            <\/form>\r\n        <\/div>\r\n        \r\n     \r\n    <\/div>\n<p>&nbsp;<\/p>\n<p>2. albo przez wp\u0142at\u0119 na konto bankowe:<\/p>\n<p>87 7065 0002 0651 8035 8904 0001<\/p>\n<p><em>Przelewy zagraniczne:<\/em> Kod BIC(SWIFT) \u2013 NBPLPLPW<br \/>\nIBAN \u2013\u00a0PL87706500020651803589040001<\/p>\n<p>Fundacja Kr\u00f3lowej R\u00f3\u017ca\u0144ca \u015awi\u0119tego<br \/>\nAdres: Zb\u0105szy\u0144ska 19\/4, 60-359 Pozna\u0144, Polska<\/p>\n<p>&nbsp;<\/p>\n<div id=\"payment-container\">\n<div class=\"pay-cancel\"><\/div>\n<\/div>\n<p><\/p>","protected":false},"excerpt":{"rendered":"<p>Sorry, this entry is only available in Polski.Drogi Czytelniku! Zwracamy si\u0119 do Ciebie z serdeczn\u0105 pro\u015bb\u0105 o modlitw\u0119 i materialne wsparcie naszej Fundacji.\u2028 Pragniemy ewangelizowa\u0107 tak\u017ce inne kraje w temacie zagro\u017ce\u0144 duchowych. Wkr\u00f3tce rozpoczniemy prace nad kolejnymi t\u0142umaczeniami i inicjatywami spo\u0142eczno-katolickimi. Zobacz wi\u0119cej\u2026<\/p>\n","protected":false},"author":101011,"featured_media":0,"parent":0,"menu_order":4,"comment_status":"closed","ping_status":"closed","template":"","meta":{"generate_page_header":"","footnotes":""},"class_list":{"0":"post-218","1":"page","2":"type-page","3":"status-publish","5":"infinite-scroll-item"},"_links":{"self":[{"href":"https:\/\/pkrs.org.pl\/en\/wp-json\/wp\/v2\/pages\/218","targetHints":{"allow":["GET"]}}],"collection":[{"href":"https:\/\/pkrs.org.pl\/en\/wp-json\/wp\/v2\/pages"}],"about":[{"href":"https:\/\/pkrs.org.pl\/en\/wp-json\/wp\/v2\/types\/page"}],"author":[{"embeddable":true,"href":"https:\/\/pkrs.org.pl\/en\/wp-json\/wp\/v2\/users\/101011"}],"replies":[{"embeddable":true,"href":"https:\/\/pkrs.org.pl\/en\/wp-json\/wp\/v2\/comments?post=218"}],"version-history":[{"count":0,"href":"https:\/\/pkrs.org.pl\/en\/wp-json\/wp\/v2\/pages\/218\/revisions"}],"wp:attachment":[{"href":"https:\/\/pkrs.org.pl\/en\/wp-json\/wp\/v2\/media?parent=218"}],"curies":[{"name":"wp","href":"https:\/\/api.w.org\/{rel}","templated":true}]}}