{"id":27,"date":"2013-07-23T21:00:52","date_gmt":"2013-07-23T19:00:52","guid":{"rendered":"http:\/\/pkrs.org.pl\/?page_id=27"},"modified":"2020-01-28T11:35:45","modified_gmt":"2020-01-28T10:35:45","slug":"dane-fundacji","status":"publish","type":"page","link":"https:\/\/pkrs.org.pl\/en\/o-fundacji\/dane-fundacji\/","title":{"rendered":"Registration data"},"content":{"rendered":"<p>Foundation\u00a0Helpers of the Queen of the Rosary (Fundacja \u201ePomocnicy Kr\u00f3lowej R\u00f3\u017ca\u0144ca \u015awi\u0119tego\u201d)<\/p>\n<p><strong>NIP<\/strong>\u00a07792415009<br \/>\n<strong>REGON<\/strong>\u00a0302485268<br \/>\n<strong>KRS Registry<\/strong>\u00a00000470749<br \/>\nEntry in the Registry of Associations at the date\u00a0of 19 july 2013 r.<\/p>\n<p><strong>Bank account:<\/strong><\/p>\n<p><strong>87 7065 0002 0651 8035 8904 0001<\/strong><\/p>\n<p>Kod BIC(SWIFT) \u2013 WBKPPLPP<br \/>\nIBAN \u2013\u00a0PL87706500020651803589040001<\/p>\n<p><strong>Address:<\/strong><\/p>\n<p>Zb\u0105szy\u0144ska 19\/4<br \/>\n60-359 Pozna\u0144<br \/>\nPOLAND<\/p>","protected":false},"excerpt":{"rendered":"<p>Foundation\u00a0Helpers of the Queen of the Rosary (Fundacja \u201ePomocnicy Kr\u00f3lowej R\u00f3\u017ca\u0144ca \u015awi\u0119tego\u201d) NIP\u00a07792415009 REGON\u00a0302485268 KRS Registry\u00a00000470749 Entry in the Registry of Associations at the date\u00a0of 19 july 2013 r. Bank account: 87 7065 0002 0651 8035 8904 0001 Kod BIC(SWIFT) \u2013 WBKPPLPP IBAN \u2013\u00a0PL87706500020651803589040001 Address: Zb\u0105szy\u0144ska 19\/4 60-359 Pozna\u0144 POLAND<\/p>\n","protected":false},"author":101011,"featured_media":0,"parent":41,"menu_order":0,"comment_status":"open","ping_status":"closed","template":"","meta":{"generate_page_header":"","footnotes":""},"class_list":{"0":"post-27","1":"page","2":"type-page","3":"status-publish","5":"infinite-scroll-item"},"_links":{"self":[{"href":"https:\/\/pkrs.org.pl\/en\/wp-json\/wp\/v2\/pages\/27","targetHints":{"allow":["GET"]}}],"collection":[{"href":"https:\/\/pkrs.org.pl\/en\/wp-json\/wp\/v2\/pages"}],"about":[{"href":"https:\/\/pkrs.org.pl\/en\/wp-json\/wp\/v2\/types\/page"}],"author":[{"embeddable":true,"href":"https:\/\/pkrs.org.pl\/en\/wp-json\/wp\/v2\/users\/101011"}],"replies":[{"embeddable":true,"href":"https:\/\/pkrs.org.pl\/en\/wp-json\/wp\/v2\/comments?post=27"}],"version-history":[{"count":0,"href":"https:\/\/pkrs.org.pl\/en\/wp-json\/wp\/v2\/pages\/27\/revisions"}],"up":[{"embeddable":true,"href":"https:\/\/pkrs.org.pl\/en\/wp-json\/wp\/v2\/pages\/41"}],"wp:attachment":[{"href":"https:\/\/pkrs.org.pl\/en\/wp-json\/wp\/v2\/media?parent=27"}],"curies":[{"name":"wp","href":"https:\/\/api.w.org\/{rel}","templated":true}]}}