{"id":39,"date":"2013-07-24T12:39:10","date_gmt":"2013-07-24T10:39:10","guid":{"rendered":"http:\/\/pkrs.org.pl\/?page_id=39"},"modified":"2013-08-21T10:02:39","modified_gmt":"2013-08-21T08:02:39","slug":"nasi-patroni","status":"publish","type":"page","link":"https:\/\/pkrs.org.pl\/en\/o-fundacji\/nasi-patroni\/","title":{"rendered":"Our Patrons"},"content":{"rendered":"<p><a href=\"http:\/\/pkrs.org.pl\/wp-content\/uploads\/2013\/07\/sw-michal-archaniol.jpg\"><img loading=\"lazy\" decoding=\"async\" class=\"size-full wp-image-122 alignleft\" alt=\"\u015bw. Micha\u0142 Archanio\u0142\" src=\"http:\/\/pkrs.org.pl\/wp-content\/uploads\/2013\/07\/sw-michal-archaniol.jpg\" width=\"75\" height=\"75\" \/><\/a><\/p>\n<p>Our Foundation has specific patrons. The first of these is <strong>St. Michael the Archangel<\/strong>, who accompanied us from the beginning of the page <a href=\"www.egzorcyzmy.katolik.pl\">www.egzorcyzmy.katolik.pl<\/a>.<\/p>\n<p>From the beginning we are trying to promote the cult of the holy Archangel and his reverence, mainly through the publication of his prayers and other minor initiatives.<\/p>\n<p><a href=\"http:\/\/pkrs.org.pl\/wp-content\/uploads\/2013\/07\/bl-bartolo-longo1.jpg\"><img loading=\"lazy\" decoding=\"async\" class=\"alignright\" alt=\"B\u0142. Bartolo Longo\" src=\"http:\/\/pkrs.org.pl\/wp-content\/uploads\/2013\/07\/bl-bartolo-longo1.jpg\" width=\"75\" height=\"75\" \/><\/a>Our second holy patron is <strong>Blessed Bartolo Longo<\/strong> &#8211; a lawyer who has taken up the challenge to spread the Rosary. He undertook a number of social and educational works, established schools, orphanages, homes for the children of prisoners, and many others. Pope John Paul II called him &#8220;an example for lay Catholics&#8221;, and thus he became a reference point for all of our activities.<\/p>\n<p>More about this form on our website\u00a0\u2013\u00a0<a title=\"Bartolo Longo\" href=\"http:\/\/www.bartolo-longo.pl\" target=\"_blank\">www.bartolo-longo.pl<\/a>.<\/p>\n<p><a href=\"http:\/\/pkrs.org.pl\/wp-content\/uploads\/2013\/07\/mateusz-talbot.jpg\"><img loading=\"lazy\" decoding=\"async\" class=\"alignleft\" alt=\"Matt Talbott\" src=\"http:\/\/pkrs.org.pl\/wp-content\/uploads\/2013\/07\/mateusz-talbot.jpg\" width=\"75\" height=\"75\" \/><\/a><\/p>\n<p>The Venerable <strong>Matt Talbot<\/strong> was an Irish ascetic revered by many Catholics for his piety, charity and mortification of the flesh.\u00a0Talbot was an unskilled labourer.\u00a0Having drunk excessively for 16 years, Talbot maintained sobriety for the following forty years of his life. He found strength in prayer, began to attend daily Mass, and read religious books and pamphlets.\u00a0Though he has not been formally recognized as a saint, Talbot may be considered a patron of men and women struggling with alcoholism.<\/p>\n<p><a title=\"Matt Talbot\" href=\"http:\/\/www.matttalbot.ie\/\" target=\"_blank\">www.matttalbot.ie<\/a><\/p>","protected":false},"excerpt":{"rendered":"<p>Our Foundation has specific patrons. The first of these is St. Michael the Archangel, who accompanied us from the beginning of the page www.egzorcyzmy.katolik.pl. From the beginning we are trying to promote the cult of the holy Archangel and his reverence, mainly through the publication of his prayers and other minor initiatives. Our second holy &#8230; <a title=\"Our Patrons\" class=\"read-more\" href=\"https:\/\/pkrs.org.pl\/en\/o-fundacji\/nasi-patroni\/\" aria-label=\"Read more about Our Patrons\">Przeczytaj ca\u0142o\u015b\u0107<\/a><\/p>\n","protected":false},"author":101011,"featured_media":0,"parent":41,"menu_order":4,"comment_status":"open","ping_status":"closed","template":"","meta":{"generate_page_header":"","footnotes":""},"class_list":{"0":"post-39","1":"page","2":"type-page","3":"status-publish","5":"infinite-scroll-item"},"_links":{"self":[{"href":"https:\/\/pkrs.org.pl\/en\/wp-json\/wp\/v2\/pages\/39","targetHints":{"allow":["GET"]}}],"collection":[{"href":"https:\/\/pkrs.org.pl\/en\/wp-json\/wp\/v2\/pages"}],"about":[{"href":"https:\/\/pkrs.org.pl\/en\/wp-json\/wp\/v2\/types\/page"}],"author":[{"embeddable":true,"href":"https:\/\/pkrs.org.pl\/en\/wp-json\/wp\/v2\/users\/101011"}],"replies":[{"embeddable":true,"href":"https:\/\/pkrs.org.pl\/en\/wp-json\/wp\/v2\/comments?post=39"}],"version-history":[{"count":0,"href":"https:\/\/pkrs.org.pl\/en\/wp-json\/wp\/v2\/pages\/39\/revisions"}],"up":[{"embeddable":true,"href":"https:\/\/pkrs.org.pl\/en\/wp-json\/wp\/v2\/pages\/41"}],"wp:attachment":[{"href":"https:\/\/pkrs.org.pl\/en\/wp-json\/wp\/v2\/media?parent=39"}],"curies":[{"name":"wp","href":"https:\/\/api.w.org\/{rel}","templated":true}]}}