{"id":41,"date":"2013-07-24T13:07:08","date_gmt":"2013-07-24T11:07:08","guid":{"rendered":"http:\/\/pkrs.org.pl\/?page_id=41"},"modified":"2018-08-20T11:29:07","modified_gmt":"2018-08-20T09:29:07","slug":"o-fundacji","status":"publish","type":"page","link":"https:\/\/pkrs.org.pl\/en\/","title":{"rendered":"About the Foundation"},"content":{"rendered":"<p><\/p>\n<p><p>Welcome to the Helpers of the Queen of the Rosary Foundation&#8217;s website!<\/p>\n<p>The fundamental goal of the foundation is to promote the Holy Rosary prayer mainly\u00a0through the &#8220;Kr\u00f3lowa R\u00f3\u017ca\u0144ca \u015awi\u0119tego\u201d (Queen of the Holy Rosary)\u00a0quarterly. We are fulfilling this mission continuously\u00a0since 2012 while we are publishing next issues of our magazine.<\/p>\n<p style=\"text-align: center;\"><a href=\"http:\/\/pkrs.org.pl\/wp-content\/uploads\/2013\/07\/pkrs-herb-logo-english.png\"><img loading=\"lazy\" decoding=\"async\" class=\"aligncenter size-full wp-image-235\" style=\"border: 0px;\" alt=\"pkrs-herb-logo-english\" src=\"http:\/\/pkrs.org.pl\/wp-content\/uploads\/2013\/07\/pkrs-herb-logo-english.png\" width=\"283\" height=\"123\" \/><\/a><\/p>\n<p>One of the most honourable Dominican Friars, the first propagator of the\u00a0Rosary Novena in honor of Our Lady of Pompeii (the Pompeian Novena) in Poland, has told us that for the Queen of the Holy Rosary quarterly it is essential\u00a0in order to exist and continue its mission\u00a0to be followed by the works of mercy in the spirit of the\u00a0Blessed Bartolo Longo.<\/p>\n<p>Even though our magazine still struggles when searching for \u00a0its place and is finding\u00a0new readers not without problems, we have achieved to undertake first of the several iniciatives directed mainly to the prisoners. But any activity of this sort generates further expenses. In order to keep and expand the Christian works of help for our neighbours, we brought the Helpers of the Queen of the Rosary Foundation into being\u00a0&#8211; a Foundation which is the legal owner of the Queen of the Holy Rosary quarterly\u00a0and further Christian initiatives.<\/p>\n<p>We encourage everyone interested &#8211; no matter if it&#8217;s joining our Foundation&#8217;s forces, supporting us with ideas or advices, or contributing to the charity with\u00a0even the smallest amount of money\u00a0&#8211; to make contact with us!<\/p>\n<p style=\"text-align: right;\">\u00a0God bless you with much favor and reward you well,<\/p>\n<p style=\"text-align: right;\">with regards<br \/>\nMarek Wo\u015b<br \/>\nChief Executive Officer of the \u00a0Helpers of the Queen of the Rosary\u00a0Foundation<\/p>\n<p style=\"text-align: center;\"><img loading=\"lazy\" decoding=\"async\" class=\"aligncenter\" style=\"border: 0px;\" alt=\"Fundacja\" src=\"http:\/\/pkrs.org.pl\/wp-content\/uploads\/2013\/07\/rece.png\" width=\"399\" height=\"196\" \/><\/p>\n<\/p>\n<p><\/p>","protected":false},"excerpt":{"rendered":"<p>Welcome to the Helpers of the Queen of the Rosary Foundation&#8217;s website! The fundamental goal of the foundation is to promote the Holy Rosary prayer mainly\u00a0through the &#8220;Kr\u00f3lowa R\u00f3\u017ca\u0144ca \u015awi\u0119tego\u201d (Queen of the Holy Rosary)\u00a0quarterly. We are fulfilling this mission continuously\u00a0since 2012 while we are publishing next issues of our magazine. One of the most &#8230; <a title=\"About the Foundation\" class=\"read-more\" href=\"https:\/\/pkrs.org.pl\/en\/\" aria-label=\"Read more about About the Foundation\">Przeczytaj ca\u0142o\u015b\u0107<\/a><\/p>\n","protected":false},"author":101011,"featured_media":0,"parent":0,"menu_order":0,"comment_status":"closed","ping_status":"closed","template":"","meta":{"generate_page_header":"","footnotes":""},"class_list":{"0":"post-41","1":"page","2":"type-page","3":"status-publish","5":"infinite-scroll-item"},"_links":{"self":[{"href":"https:\/\/pkrs.org.pl\/en\/wp-json\/wp\/v2\/pages\/41","targetHints":{"allow":["GET"]}}],"collection":[{"href":"https:\/\/pkrs.org.pl\/en\/wp-json\/wp\/v2\/pages"}],"about":[{"href":"https:\/\/pkrs.org.pl\/en\/wp-json\/wp\/v2\/types\/page"}],"author":[{"embeddable":true,"href":"https:\/\/pkrs.org.pl\/en\/wp-json\/wp\/v2\/users\/101011"}],"replies":[{"embeddable":true,"href":"https:\/\/pkrs.org.pl\/en\/wp-json\/wp\/v2\/comments?post=41"}],"version-history":[{"count":0,"href":"https:\/\/pkrs.org.pl\/en\/wp-json\/wp\/v2\/pages\/41\/revisions"}],"wp:attachment":[{"href":"https:\/\/pkrs.org.pl\/en\/wp-json\/wp\/v2\/media?parent=41"}],"curies":[{"name":"wp","href":"https:\/\/api.w.org\/{rel}","templated":true}]}}